{"id":23,"date":"2008-03-08T14:09:54","date_gmt":"2008-03-08T13:09:54","guid":{"rendered":"http:\/\/www.allez.ch\/wp\/?page_id=23"},"modified":"2025-03-19T17:33:21","modified_gmt":"2025-03-19T16:33:21","slug":"was-enthalt-climb-on","status":"publish","type":"page","link":"https:\/\/www.allez.ch\/web\/allez\/faq\/was-enthalt-climb-on\/","title":{"rendered":"Why?"},"content":{"rendered":"\n<h2 class=\"wp-block-heading\"><strong>Hike On! Ride On! Run On! Ski On! Cook On! \u2013 Climb On!&nbsp;<\/strong><\/h2>\n\n\n\n<h4 class=\"wp-block-heading\">Ob sie Athlet, Sportler, G\u00e4rtner, Spitzenkoch, Hausfrau, Teenager, Kleinkind oder Senior sind \u2013 Climb On! hilft allen Hauttypen und bei vielen Hautproblemen!<\/h4>\n\n\n\n<h4 class=\"wp-block-heading\">Alle Climb On! Produkte sind 100% nat\u00fcrlich, ohne Chemie und F\u00fcllstoffe, sie sind zudem sehr ehrgiebig und lange haltbar.<\/h4>\n\n\n\n<p>Climb On! verwendet man sehr vielf\u00e4ltig: bei Schnitten, Kratzer, Bisse, Ausschl\u00e4ge, Sonnenbrand, Ekzeme, Schuppenflechte, eingerissene Nagelhaut und Fersen, Schnupfnase, abgesch\u00fcrfte Fingerkuppen, trockene Ellbogen und Knie, als After Shave, Pickeln, Wehwehs und vielem mehr. Die antioxidante Formel von Climb On! ist auch eine fantastische &#8211; anti aging &#8211; Nachtcr\u00e9me: Die Lotion ist ein nachhaltig pflegender Feuchtigkeitsspender auf allen trockenen Hautstellen.<br>Beliebt f\u00fcr Kletterer, Ruderer, Radfahrer, Crossfit, Gewichtheber, Turner und sogar f\u00fcr Hundepfoten.<\/p>\n\n\n\n<p>Climb On! enth\u00e4lt keine scharfen Konservierungsmitteln, auf Petroleum basierenden Inhaltsstoffen, k\u00fcnstlichen Farbstoffen, Duftstoffen, F\u00e4rbemitteln, Waschmittel, etc. Du k\u00e4nntest Climb On! auch essen, empfehlen wir aber nicht.<\/p>\n\n\n\n<p>Zutaten: Basis\u00f6le, \u00e4therische \u00d6le, fair gehandelte organische Shea Butter, organische Aloe Vera (nur Cr\u00e9me), nicht raffineriertes Bienenwachs, Weizenkeim\u00f6l, Aprikosen- und Traubenkern\u00f6l, Castile-Seife, Zaubernuss, destilliertes Wasser und eine Auswahl an Tonerde, pulverisierten Wurzeln und Kr\u00e4utern.<\/p>\n\n\n\n<p>Jedes Produkt hat mehr als einen Verwendungszweck am ganzen K\u00f6rper, was diese doppelt attraktiv und sehr praktisch macht.<\/p>\n\n\n\n<p>Kontakt:<\/p>\n\n\n<div class=\"wp-block-image\">\n<figure class=\"alignleft size-full is-resized\"><img loading=\"lazy\" decoding=\"async\" width=\"250\" height=\"108\" src=\"https:\/\/www.allez.ch\/web\/wp-content\/uploads\/cropped-allez_logo_transparent_web2.png\" alt=\"\" class=\"wp-image-8963\" style=\"width:155px;height:auto\" srcset=\"https:\/\/www.allez.ch\/web\/wp-content\/uploads\/cropped-allez_logo_transparent_web2.png 250w, https:\/\/www.allez.ch\/web\/wp-content\/uploads\/cropped-allez_logo_transparent_web2-100x43.png 100w\" sizes=\"auto, (max-width: 250px) 100vw, 250px\" \/><\/figure>\n<\/div>\n\n\n<h4 class=\"wp-block-heading\">allez!<br>Sogn Giacun 7<br>7412 Scharans<br>shop@allez.ch<\/h4>\n\n\n\n<p><em>Der franz\u00f6sische Begriff allez! wird h\u00e4ufig beim Klettern zum Anfeuern benutzt. \u00dcbersetzt heisst dieser soviel wie &#171;Komm schon!&#187;, &#171;Auf geht&#8217;s!&#187; bzw. &#171;Geht schon!&#187; und wird einem Kletterer meist in schwierigen Situationen, an Schl\u00fcsselstellen oder wenn diesem die Kraft schwindet zugerufen, um ihn zu motivieren.<\/em><\/p>\n","protected":false},"excerpt":{"rendered":"<p>Hike On! Ride On! Run On! Ski On! Cook On! \u2013 Climb On!&nbsp; Ob sie Athlet, Sportler, G\u00e4rtner, Spitzenkoch, Hausfrau,&hellip;<\/p>\n","protected":false},"author":1,"featured_media":0,"parent":14,"menu_order":8,"comment_status":"closed","ping_status":"closed","template":"","meta":{"footnotes":""},"class_list":["post-23","page","type-page","status-publish","hentry"],"_links":{"self":[{"href":"https:\/\/www.allez.ch\/web\/wp-json\/wp\/v2\/pages\/23","targetHints":{"allow":["GET"]}}],"collection":[{"href":"https:\/\/www.allez.ch\/web\/wp-json\/wp\/v2\/pages"}],"about":[{"href":"https:\/\/www.allez.ch\/web\/wp-json\/wp\/v2\/types\/page"}],"author":[{"embeddable":true,"href":"https:\/\/www.allez.ch\/web\/wp-json\/wp\/v2\/users\/1"}],"replies":[{"embeddable":true,"href":"https:\/\/www.allez.ch\/web\/wp-json\/wp\/v2\/comments?post=23"}],"version-history":[{"count":29,"href":"https:\/\/www.allez.ch\/web\/wp-json\/wp\/v2\/pages\/23\/revisions"}],"predecessor-version":[{"id":9153,"href":"https:\/\/www.allez.ch\/web\/wp-json\/wp\/v2\/pages\/23\/revisions\/9153"}],"up":[{"embeddable":true,"href":"https:\/\/www.allez.ch\/web\/wp-json\/wp\/v2\/pages\/14"}],"wp:attachment":[{"href":"https:\/\/www.allez.ch\/web\/wp-json\/wp\/v2\/media?parent=23"}],"curies":[{"name":"wp","href":"https:\/\/api.w.org\/{rel}","templated":true}]}}