{"id":9001,"date":"2025-03-18T14:14:21","date_gmt":"2025-03-18T13:14:21","guid":{"rendered":"https:\/\/www.allez.ch\/web\/?post_type=product&#038;p=9001"},"modified":"2025-03-23T11:01:11","modified_gmt":"2025-03-23T10:01:11","slug":"run_on","status":"publish","type":"product","link":"https:\/\/www.allez.ch\/web\/shop\/run_on\/","title":{"rendered":"CO!\u2122  runOn!"},"content":{"rendered":"","protected":false},"excerpt":{"rendered":"<p>Empfindliche Zonen k\u00f6nnen bei langen L\u00e4ufen, Biketouren und Wanderungen ganz sch\u00f6n unangenehm werden, wenn es anf\u00e4ngt zu scheuern.<\/p>\n<h4>runOn!\u2122 vermeidet Reibung, pflegt und sch\u00fctzt. Der Balsam ist 100% nat\u00fcrlich und wirkt wahre Wunder gegen Sch\u00fcrfungen und Scheuerungen \u2013 ganz gleich, ob beim Sport oder im Alltag.<\/h4>\n<p>Dank der kraftvollen Mischung aus \u00e4therischen \u00d6len sorgt runOn! nicht nur f\u00fcr mehr Gleiteffizienz, sondern repariert und regeneriert auch schnell die Hautzellen. Ein wahrhaft kleiner Helfer, den du nicht missen m\u00f6chtest!<\/p>\n<p>ANWENDUNG: Wende die Creme auf deinen Oberschenkeln, F\u00fcssen, unter den Armen, am Ges\u00e4ss und auf der Brust an \u2013 \u00fcberall dort, wo sich bei dir beim Sport raue oder rote Stellen bilden. Doch das ist nicht alles! Sie ist auch perfekt geeignet f\u00fcr Gesicht und H\u00e4nde. G\u00f6nn dir das Beste und sch\u00fctze deine Haut vor \u00e4usseren Einfl\u00fcssen, w\u00e4hrend du gleichzeitig f\u00fcr ein jugendliches Strahlen sorgst.<\/p>\n<p>INHALTSSTOFFE: *Aprikosenkern\u00f6l, *gelbes Bienenwachs, *Sheabutter, Weizenkeim\u00f6l und Vitamin E. \u00c4therische \u00d6le: Ysop, Palmarosa, Elemi, *Myrre, *Lavendel und R\u00f6mische Kamille \u2013 eine exquisite Mischung, die deiner Haut nicht nur Wohlbefinden, sondern auch Pflege pur schenkt!<\/p>\n<p>*aus biologischem Anbau<\/p>\n","protected":false},"featured_media":9008,"template":"","meta":[],"product_brand":[],"product_cat":[162],"product_tag":[],"class_list":{"0":"post-9001","1":"product","2":"type-product","3":"status-publish","4":"has-post-thumbnail","6":"product_cat-climb-on","8":"first","9":"instock","10":"featured","11":"taxable","12":"shipping-taxable","13":"purchasable","14":"product-type-simple"},"_links":{"self":[{"href":"https:\/\/www.allez.ch\/web\/wp-json\/wp\/v2\/product\/9001","targetHints":{"allow":["GET"]}}],"collection":[{"href":"https:\/\/www.allez.ch\/web\/wp-json\/wp\/v2\/product"}],"about":[{"href":"https:\/\/www.allez.ch\/web\/wp-json\/wp\/v2\/types\/product"}],"wp:featuredmedia":[{"embeddable":true,"href":"https:\/\/www.allez.ch\/web\/wp-json\/wp\/v2\/media\/9008"}],"wp:attachment":[{"href":"https:\/\/www.allez.ch\/web\/wp-json\/wp\/v2\/media?parent=9001"}],"wp:term":[{"taxonomy":"product_brand","embeddable":true,"href":"https:\/\/www.allez.ch\/web\/wp-json\/wp\/v2\/product_brand?post=9001"},{"taxonomy":"product_cat","embeddable":true,"href":"https:\/\/www.allez.ch\/web\/wp-json\/wp\/v2\/product_cat?post=9001"},{"taxonomy":"product_tag","embeddable":true,"href":"https:\/\/www.allez.ch\/web\/wp-json\/wp\/v2\/product_tag?post=9001"}],"curies":[{"name":"wp","href":"https:\/\/api.w.org\/{rel}","templated":true}]}}