{"id":9018,"date":"2025-03-18T15:04:08","date_gmt":"2025-03-18T14:04:08","guid":{"rendered":"https:\/\/www.allez.ch\/web\/?post_type=product&#038;p=9018"},"modified":"2025-03-23T11:00:25","modified_gmt":"2025-03-23T10:00:25","slug":"co-face-lip-tube","status":"publish","type":"product","link":"https:\/\/www.allez.ch\/web\/shop\/co-face-lip-tube\/","title":{"rendered":"CO!\u2122 Face and Lip Tube"},"content":{"rendered":"","protected":false},"excerpt":{"rendered":"<p>Steck es in deine Hosentasche, in den Rucksack, in die Konsole des Autos, in die Schreibtischschublade ind die Handtasche und \u00fcberall hin, wo du es bei Bedarf rasch zur Hand hast.<\/p>\n<h4>Verwende es f\u00fcr dein Gesicht, deine Lippen, Nagelhaut, M\u00fcckenstiche, Schnitte, Schrammen, Kr\u00e4henf\u00fcsse und auf jedem <span style=\"font-family: inherit; letter-spacing: -0.02em; -webkit-text-size-adjust: 100%;\">Wehwehchen.<\/span><\/h4>\n<p>ANWENDUNG: Nehme den Stick und pflege damit das ganze Gesicht, die Lippen, die Nagelhaut oder wo du gerade einen \u201eInstant-Repair\u201c ben\u00f6tigst.<\/p>\n<p>Ungiftig und biologisch abbaubar &#8211; sogar die Tube! Ein Muss in jeder Handtasche und jedem Rucksack! Auf ins Abenteuer! Klettern Sie los!<\/p>\n<p>INHALTSSTOFFE: Bio-Aprikosenkern\u00f6l, nachhaltiges gelbes Bienenwachs, Bio-Sheabutter, Weizenkeim\u00f6l, Vitamin E, Bio-Karottensamen\u00f6l, Granatapfel\u00f6l, Bio-Pfefferminze, Bio-Lavendel, Bio-Geranie, Bio-Ylang-Ylang, Bio-Zitrone, R\u00f6mische Kamille.<\/p>\n","protected":false},"featured_media":9019,"template":"","meta":[],"product_brand":[],"product_cat":[162],"product_tag":[],"class_list":{"0":"post-9018","1":"product","2":"type-product","3":"status-publish","4":"has-post-thumbnail","6":"product_cat-climb-on","8":"first","9":"instock","10":"featured","11":"taxable","12":"shipping-taxable","13":"purchasable","14":"product-type-simple"},"_links":{"self":[{"href":"https:\/\/www.allez.ch\/web\/wp-json\/wp\/v2\/product\/9018","targetHints":{"allow":["GET"]}}],"collection":[{"href":"https:\/\/www.allez.ch\/web\/wp-json\/wp\/v2\/product"}],"about":[{"href":"https:\/\/www.allez.ch\/web\/wp-json\/wp\/v2\/types\/product"}],"wp:featuredmedia":[{"embeddable":true,"href":"https:\/\/www.allez.ch\/web\/wp-json\/wp\/v2\/media\/9019"}],"wp:attachment":[{"href":"https:\/\/www.allez.ch\/web\/wp-json\/wp\/v2\/media?parent=9018"}],"wp:term":[{"taxonomy":"product_brand","embeddable":true,"href":"https:\/\/www.allez.ch\/web\/wp-json\/wp\/v2\/product_brand?post=9018"},{"taxonomy":"product_cat","embeddable":true,"href":"https:\/\/www.allez.ch\/web\/wp-json\/wp\/v2\/product_cat?post=9018"},{"taxonomy":"product_tag","embeddable":true,"href":"https:\/\/www.allez.ch\/web\/wp-json\/wp\/v2\/product_tag?post=9018"}],"curies":[{"name":"wp","href":"https:\/\/api.w.org\/{rel}","templated":true}]}}